{"id":4833,"date":"2026-02-03T14:02:06","date_gmt":"2026-02-03T10:32:06","guid":{"rendered":"https:\/\/atlas-ingredients.de\/?page_id=4833"},"modified":"2026-02-22T12:33:42","modified_gmt":"2026-02-22T09:03:42","slug":"essential-oils","status":"publish","type":"page","link":"https:\/\/atlas-ingredients.de\/en\/essential-oils\/","title":{"rendered":"Essential oils"},"content":{"rendered":"\t\t<div data-elementor-type=\"wp-page\" data-elementor-id=\"4833\" class=\"elementor elementor-4833 elementor-3936\" data-elementor-post-type=\"page\">\n\t\t\t\t\t\t<section class=\"elementor-section elementor-top-section elementor-element elementor-element-9852ea5 elementor-section-boxed elementor-section-height-default elementor-section-height-default xts-section-disabled\" data-id=\"9852ea5\" data-element_type=\"section\">\n\t\t\t\t\t\t<div class=\"elementor-container elementor-column-gap-default\">\n\t\t\t\t\t<div class=\"elementor-column elementor-col-50 elementor-top-column elementor-element elementor-element-c14516d\" data-id=\"c14516d\" data-element_type=\"column\">\n\t\t\t<div class=\"elementor-widget-wrap elementor-element-populated\">\n\t\t\t\t\t\t<div class=\"elementor-element elementor-element-db7abce elementor-align-left elementor-widget elementor-widget-button\" data-id=\"db7abce\" data-element_type=\"widget\" data-widget_type=\"button.default\">\n\t\t\t\t<div class=\"elementor-widget-container\">\n\t\t\t\t\t<div class=\"elementor-button-wrapper\">\n\t\t\t<a class=\"elementor-button elementor-button-link elementor-size-sm elementor-animation-grow\" href=\"https:\/\/atlas-ingredients.de\/en\">\n\t\t\t\t\t\t<span class=\"elementor-button-content-wrapper\">\n\t\t\t\t\t\t<span class=\"elementor-button-text\">Back To Home<\/span>\n\t\t<\/span>\n\t\t\t\t\t<\/a>\n\t\t<\/div>\n\t\t\t\t<\/div>\n\t\t\t\t<\/div>\n\t\t\t\t<div class=\"elementor-element elementor-element-7fca5cb elementor-widget elementor-widget-xts_title\" data-id=\"7fca5cb\" data-element_type=\"widget\" data-widget_type=\"xts_title.default\">\n\t\t\t\t<div class=\"elementor-widget-container\">\n\t\t\t\t\t\t<div class=\"xts-section-heading xts-reset-mb-10 xts-reset-last xts-textalign-left\" data-animation-delay=\"\">\n\t\t\t\t\n\t\t\t\t\t\t\t\t\t<h4 class=\"xts-section-title title xts-design-default xts-fontsize-l\">\n\t\t\t\t\t\t<span class=\"xts-section-title-text\" data-elementor-setting-key=\"title\">\n\t\t\t\t\t\t\tEssenzen\/\/ \/ \u00c4therische \u00d6le\t\t\t\t\t\t<\/span>\n\n\t\t\t\t\t\t\t\t\t\t\t<\/h4>\n\t\t\t\t\n\t\t\t\t\n\t\t\t\t\t\t\t<\/div>\n\t\t\t\t<\/div>\n\t\t\t\t<\/div>\n\t\t\t\t<div class=\"elementor-element elementor-element-50928de xts-scheme-inherit xts-textalign-inherit elementor-widget elementor-widget-text-editor\" data-id=\"50928de\" data-element_type=\"widget\" data-widget_type=\"text-editor.default\">\n\t\t\t\t<div class=\"elementor-widget-container\">\n\t\t\t<style>\/*! elementor - v3.19.0 - 07-02-2024 *\/\n.elementor-widget-text-editor.elementor-drop-cap-view-stacked .elementor-drop-cap{background-color:#69727d;color:#fff}.elementor-widget-text-editor.elementor-drop-cap-view-framed .elementor-drop-cap{color:#69727d;border:3px solid;background-color:transparent}.elementor-widget-text-editor:not(.elementor-drop-cap-view-default) .elementor-drop-cap{margin-top:8px}.elementor-widget-text-editor:not(.elementor-drop-cap-view-default) .elementor-drop-cap-letter{width:1em;height:1em}.elementor-widget-text-editor .elementor-drop-cap{float:left;text-align:center;line-height:1;font-size:50px}.elementor-widget-text-editor .elementor-drop-cap-letter{display:inline-block}<\/style>\t\t\t\t<p>\u00c4therische \u00d6le &amp; Hydrolate<\/p><p>Estragon\u00f6l (Tarragon)<\/p><p>Galbanum\u00f6l (Bari\u01e7eh)<\/p><p>Asafoetida-\u00d6l (Anguzeh)<\/p><p>Rosen\u00f6l (Rosa Damascena)<\/p><p>Rosenwasser (Hydrolat)<\/p>\t\t\t\t\t\t<\/div>\n\t\t\t\t<\/div>\n\t\t\t\t\t<\/div>\n\t\t<\/div>\n\t\t\t\t<div class=\"elementor-column elementor-col-50 elementor-top-column elementor-element elementor-element-2c983ee\" data-id=\"2c983ee\" data-element_type=\"column\">\n\t\t\t<div class=\"elementor-widget-wrap elementor-element-populated\">\n\t\t\t\t\t\t<div class=\"elementor-element elementor-element-e2b69c9 elementor-widget elementor-widget-image\" data-id=\"e2b69c9\" data-element_type=\"widget\" data-widget_type=\"image.default\">\n\t\t\t\t<div class=\"elementor-widget-container\">\n\t\t\t<style>\/*! elementor - v3.19.0 - 07-02-2024 *\/\n.elementor-widget-image{text-align:center}.elementor-widget-image a{display:inline-block}.elementor-widget-image a img[src$=\".svg\"]{width:48px}.elementor-widget-image img{vertical-align:middle;display:inline-block}<\/style>\t\t\t\t\t\t\t\t\t\t<img fetchpriority=\"high\" decoding=\"async\" width=\"1024\" height=\"576\" src=\"https:\/\/atlas-ingredients.de\/wp-content\/uploads\/2026\/02\/New-Project40-1024x576.png\" class=\"attachment-large size-large wp-image-4831\" alt=\"\" srcset=\"https:\/\/atlas-ingredients.de\/wp-content\/uploads\/2026\/02\/New-Project40-1024x576.png 1024w, https:\/\/atlas-ingredients.de\/wp-content\/uploads\/2026\/02\/New-Project40-300x169.png 300w, https:\/\/atlas-ingredients.de\/wp-content\/uploads\/2026\/02\/New-Project40-768x432.png 768w, https:\/\/atlas-ingredients.de\/wp-content\/uploads\/2026\/02\/New-Project40-600x338.png 600w, https:\/\/atlas-ingredients.de\/wp-content\/uploads\/2026\/02\/New-Project40-200x113.png 200w, https:\/\/atlas-ingredients.de\/wp-content\/uploads\/2026\/02\/New-Project40.png 1280w\" sizes=\"(max-width: 1024px) 100vw, 1024px\" \/>\t\t\t\t\t\t\t\t\t\t\t\t\t<\/div>\n\t\t\t\t<\/div>\n\t\t\t\t\t<\/div>\n\t\t<\/div>\n\t\t\t\t\t<\/div>\n\t\t<\/section>\n\t\t\t\t<\/div>\n\t\t","protected":false},"excerpt":{"rendered":"<p>Back To Home Essenzen\/\/ \/ \u00c4therische \u00d6le \u00c4therische \u00d6le &amp; Hydrolate Estragon\u00f6l (Tarragon) Galbanum\u00f6l (Bari\u01e7eh) Asafoetida-\u00d6l (Anguzeh) Rosen\u00f6l (Rosa Damascena) Rosenwasser (Hydrolat)<\/p>\n","protected":false},"author":5,"featured_media":0,"parent":0,"menu_order":0,"comment_status":"closed","ping_status":"closed","template":"elementor_header_footer","meta":{"footnotes":""},"class_list":["post-4833","page","type-page","status-publish","hentry"],"_links":{"self":[{"href":"https:\/\/atlas-ingredients.de\/en\/wp-json\/wp\/v2\/pages\/4833","targetHints":{"allow":["GET"]}}],"collection":[{"href":"https:\/\/atlas-ingredients.de\/en\/wp-json\/wp\/v2\/pages"}],"about":[{"href":"https:\/\/atlas-ingredients.de\/en\/wp-json\/wp\/v2\/types\/page"}],"author":[{"embeddable":true,"href":"https:\/\/atlas-ingredients.de\/en\/wp-json\/wp\/v2\/users\/5"}],"replies":[{"embeddable":true,"href":"https:\/\/atlas-ingredients.de\/en\/wp-json\/wp\/v2\/comments?post=4833"}],"version-history":[{"count":12,"href":"https:\/\/atlas-ingredients.de\/en\/wp-json\/wp\/v2\/pages\/4833\/revisions"}],"predecessor-version":[{"id":5045,"href":"https:\/\/atlas-ingredients.de\/en\/wp-json\/wp\/v2\/pages\/4833\/revisions\/5045"}],"wp:attachment":[{"href":"https:\/\/atlas-ingredients.de\/en\/wp-json\/wp\/v2\/media?parent=4833"}],"curies":[{"name":"wp","href":"https:\/\/api.w.org\/{rel}","templated":true}]}}